{"id":11029,"date":"2025-05-08T13:22:15","date_gmt":"2025-05-08T13:22:15","guid":{"rendered":"https:\/\/terraclass.md\/offers\/"},"modified":"2025-05-15T09:00:30","modified_gmt":"2025-05-15T09:00:30","slug":"offers","status":"publish","type":"page","link":"https:\/\/terraclass.md\/en\/offers\/","title":{"rendered":"Offers"},"content":{"rendered":"\t\t<div data-elementor-type=\"wp-page\" data-elementor-id=\"11029\" class=\"elementor elementor-11029 elementor-10379\">\n\t\t\t\t<div class=\"elementor-element elementor-element-05dc8f2 e-flex e-con-boxed qodef-elementor-content-no e-con e-parent\" data-id=\"05dc8f2\" data-element_type=\"container\" data-e-type=\"container\">\n\t\t\t\t\t<div class=\"e-con-inner\">\n\t\t\t\t<div class=\"elementor-element elementor-element-66f18f2 elementor-widget elementor-widget-spacer\" data-id=\"66f18f2\" data-element_type=\"widget\" data-e-type=\"widget\" data-widget_type=\"spacer.default\">\n\t\t\t\t<div class=\"elementor-widget-container\">\n\t\t\t\t\t\t\t<div class=\"elementor-spacer\">\n\t\t\t<div class=\"elementor-spacer-inner\"><\/div>\n\t\t<\/div>\n\t\t\t\t\t\t<\/div>\n\t\t\t\t<\/div>\n\t\t\t\t\t<\/div>\n\t\t\t\t<\/div>\n\t\t<div class=\"elementor-element elementor-element-8ab4837 e-flex e-con-boxed qodef-elementor-content-no e-con e-parent\" data-id=\"8ab4837\" data-element_type=\"container\" data-e-type=\"container\">\n\t\t\t\t\t<div class=\"e-con-inner\">\n\t\t<div class=\"elementor-element elementor-element-8939c30 e-con-full e-flex qodef-elementor-content-no e-con e-child\" data-id=\"8939c30\" data-element_type=\"container\" data-e-type=\"container\">\n\t\t\t\t<div class=\"elementor-element elementor-element-826592c elementor-widget elementor-widget-heading\" data-id=\"826592c\" data-element_type=\"widget\" data-e-type=\"widget\" data-widget_type=\"heading.default\">\n\t\t\t\t<div class=\"elementor-widget-container\">\n\t\t\t\t\t<h2 class=\"elementor-heading-title elementor-size-default\">Terra Class agricultural machinery offers<\/h2>\t\t\t\t<\/div>\n\t\t\t\t<\/div>\n\t\t\t\t<div class=\"elementor-element elementor-element-55c0a87 elementor-widget elementor-widget-text-editor\" data-id=\"55c0a87\" data-element_type=\"widget\" data-e-type=\"widget\" data-widget_type=\"text-editor.default\">\n\t\t\t\t<div class=\"elementor-widget-container\">\n\t\t\t\t\t\t\t\t\t<p>Choose from a wide range of high-performance agricultural machinery available at competitive prices.<\/p>\t\t\t\t\t\t\t\t<\/div>\n\t\t\t\t<\/div>\n\t\t\t\t<\/div>\n\t\t\t\t\t<\/div>\n\t\t\t\t<\/div>\n\t\t<div class=\"elementor-element elementor-element-00faa27 e-flex e-con-boxed qodef-elementor-content-no e-con e-parent\" data-id=\"00faa27\" data-element_type=\"container\" data-e-type=\"container\">\n\t\t\t\t\t<div class=\"e-con-inner\">\n\t\t<div class=\"elementor-element elementor-element-b860475 e-con-full e-flex qodef-elementor-content-no e-con e-child\" data-id=\"b860475\" data-element_type=\"container\" data-e-type=\"container\">\n\t\t\t\t<div class=\"elementor-element elementor-element-519f96b qodef-info-below-alignment--center elementor-widget elementor-widget-qi_addons_for_elementor_product_list\" data-id=\"519f96b\" data-element_type=\"widget\" data-e-type=\"widget\" data-widget_type=\"qi_addons_for_elementor_product_list.default\">\n\t\t\t\t<div class=\"elementor-widget-container\">\n\t\t\t\t\t<div class=\"qodef-shortcode qodef-m qodef-addons-woo-shortcode qodef-qi-woo-shortcode-product-list qodef-item-layout--info-below-swap qodef-image--hover-zoom qodef-qi-grid qodef-layout--qi-columns qodef-col-num--4 qodef-item-layout--info-below-swap qodef-responsive--predefined\" >\n\t<div class=\"qodef-grid-inner\">\n\t\t<div class=\"qodef-e qodef-grid-item product type-product post-11337 status-publish first instock has-post-thumbnail shipping-taxable product-type-simple\">\n\t<div class=\"qodef-e-product-inner\">\n\t\t\t\t\t<div class=\"qodef-e-product-image\">\n\t\t\t\t\t\t\t\t<div class=\"qodef-e-product-image-holder\">\n\t\t\t\t\t<a itemprop=\"url\" href=\"https:\/\/terraclass.md\/en\/produs\/opel-grandland\/\">\n\t\t\t\t\t\t<img decoding=\"async\" width=\"150\" height=\"150\" src=\"https:\/\/terraclass.md\/wp-content\/uploads\/2025\/09\/Imagine-WhatsApp-2025-08-25-la-12.38.36_4b82a6fc-150x150.jpg\" class=\"attachment-thumbnail size-thumbnail\" alt=\"\" srcset=\"https:\/\/terraclass.md\/wp-content\/uploads\/2025\/09\/Imagine-WhatsApp-2025-08-25-la-12.38.36_4b82a6fc-150x150.jpg 150w, https:\/\/terraclass.md\/wp-content\/uploads\/2025\/09\/Imagine-WhatsApp-2025-08-25-la-12.38.36_4b82a6fc-650x650.jpg 650w, https:\/\/terraclass.md\/wp-content\/uploads\/2025\/09\/Imagine-WhatsApp-2025-08-25-la-12.38.36_4b82a6fc-300x300.jpg 300w, https:\/\/terraclass.md\/wp-content\/uploads\/2025\/09\/Imagine-WhatsApp-2025-08-25-la-12.38.36_4b82a6fc-100x100.jpg 100w\" sizes=\"(max-width: 150px) 100vw, 150px\" \/>\t\t\t\t\t<\/a>\n\t\t\t\t<\/div>\n\t\t\t<\/div>\n\t\t\t\t<div class=\"qodef-e-product-content\">\n\t\t\t\t\t\t<h5 itemprop=\"name\" class=\"qodef-e-product-title qodef-e-title entry-title\">\n\t<a itemprop=\"url\" class=\"qodef-e-product-title-link\" href=\"https:\/\/terraclass.md\/en\/produs\/opel-grandland\/\">\n\t\tOpel Grandland\t<\/a>\n<\/h5>\n\t\t\t<div class=\"qodef-e-swap-holder\">\n\t\t\t\t\t\t\t\t<div class=\"qodef-e-to-swap\">\n\t\t\t\t\t<a class=\"qodef-shortcode qodef-m button product_type_simple qodef-qi-button qodef-html--link qodef-layout--filled qodef-type--standard qodef-icon--right qodef-hover--icon-move-horizontal-short\" href=\"https:\/\/terraclass.md\/en\/produs\/opel-grandland\/\" target=\"_self\" data-product_id=\"11337\"  aria-label=\"Read more about \u201cOpel Grandland\u201d\" rel=\"nofollow\" data-quantity=\"1\">\t<span class=\"qodef-m-text\">Read more<\/span>\t<\/a>\t\t\t\t<\/div>\n\t\t\t<\/div>\n\t\t\t\t\t\t\t\t<\/div>\n\t\t<a href=\"https:\/\/terraclass.md\/en\/produs\/opel-grandland\/\" class=\"woocommerce-LoopProduct-link woocommerce-loop-product__link\"><\/a>\t<\/div>\n<\/div>\n<div class=\"qodef-e qodef-grid-item product type-product post-11289 status-publish instock product_cat-tractor-en has-post-thumbnail shipping-taxable product-type-simple\">\n\t<div class=\"qodef-e-product-inner\">\n\t\t\t\t\t<div class=\"qodef-e-product-image\">\n\t\t\t\t\t\t\t\t<div class=\"qodef-e-product-image-holder\">\n\t\t\t\t\t<a itemprop=\"url\" href=\"https:\/\/terraclass.md\/en\/produs\/claas-xerion-4200-trac-tractor-from-2021\/\">\n\t\t\t\t\t\t<img decoding=\"async\" width=\"150\" height=\"150\" src=\"https:\/\/terraclass.md\/wp-content\/uploads\/2025\/05\/78400245_2_x-150x150.jpg\" class=\"attachment-thumbnail size-thumbnail\" alt=\"\" srcset=\"https:\/\/terraclass.md\/wp-content\/uploads\/2025\/05\/78400245_2_x-150x150.jpg 150w, https:\/\/terraclass.md\/wp-content\/uploads\/2025\/05\/78400245_2_x-300x300.jpg 300w, https:\/\/terraclass.md\/wp-content\/uploads\/2025\/05\/78400245_2_x-100x100.jpg 100w\" sizes=\"(max-width: 150px) 100vw, 150px\" \/>\t\t\t\t\t<\/a>\n\t\t\t\t<\/div>\n\t\t\t<\/div>\n\t\t\t\t<div class=\"qodef-e-product-content\">\n\t\t\t\t\t\t<h5 itemprop=\"name\" class=\"qodef-e-product-title qodef-e-title entry-title\">\n\t<a itemprop=\"url\" class=\"qodef-e-product-title-link\" href=\"https:\/\/terraclass.md\/en\/produs\/claas-xerion-4200-trac-tractor-from-2021\/\">\n\t\tClaas Xerion 4200 Trac tractor from 2021\t<\/a>\n<\/h5>\n\t\t\t<div class=\"qodef-e-swap-holder\">\n\t\t\t\t\t\t\t\t<div class=\"qodef-e-to-swap\">\n\t\t\t\t\t<a class=\"qodef-shortcode qodef-m button product_type_simple qodef-qi-button qodef-html--link qodef-layout--filled qodef-type--standard qodef-icon--right qodef-hover--icon-move-horizontal-short\" href=\"https:\/\/terraclass.md\/en\/produs\/claas-xerion-4200-trac-tractor-from-2021\/\" target=\"_self\" data-product_id=\"11289\"  aria-label=\"Read more about \u201cClaas Xerion 4200 Trac tractor from 2021\u201d\" rel=\"nofollow\" data-quantity=\"1\">\t<span class=\"qodef-m-text\">Read more<\/span>\t<\/a>\t\t\t\t<\/div>\n\t\t\t<\/div>\n\t\t\t\t\t\t\t\t<\/div>\n\t\t<a href=\"https:\/\/terraclass.md\/en\/produs\/claas-xerion-4200-trac-tractor-from-2021\/\" class=\"woocommerce-LoopProduct-link woocommerce-loop-product__link\"><\/a>\t<\/div>\n<\/div>\n<div class=\"qodef-e qodef-grid-item product type-product post-11238 status-publish instock product_cat-combine has-post-thumbnail shipping-taxable product-type-simple\">\n\t<div class=\"qodef-e-product-inner\">\n\t\t\t\t\t<div class=\"qodef-e-product-image\">\n\t\t\t\t\t\t\t\t<div class=\"qodef-e-product-image-holder\">\n\t\t\t\t\t<a itemprop=\"url\" href=\"https:\/\/terraclass.md\/en\/produs\/1992-claas-commandor-115-cs-combine-harvester\/\">\n\t\t\t\t\t\t<img decoding=\"async\" width=\"150\" height=\"150\" src=\"https:\/\/terraclass.md\/wp-content\/uploads\/2025\/05\/IMG-20250122-WA0031-150x150.jpg\" class=\"attachment-thumbnail size-thumbnail\" alt=\"\" srcset=\"https:\/\/terraclass.md\/wp-content\/uploads\/2025\/05\/IMG-20250122-WA0031-150x150.jpg 150w, https:\/\/terraclass.md\/wp-content\/uploads\/2025\/05\/IMG-20250122-WA0031-650x650.jpg 650w, https:\/\/terraclass.md\/wp-content\/uploads\/2025\/05\/IMG-20250122-WA0031-300x300.jpg 300w, https:\/\/terraclass.md\/wp-content\/uploads\/2025\/05\/IMG-20250122-WA0031-100x100.jpg 100w\" sizes=\"(max-width: 150px) 100vw, 150px\" \/>\t\t\t\t\t<\/a>\n\t\t\t\t<\/div>\n\t\t\t<\/div>\n\t\t\t\t<div class=\"qodef-e-product-content\">\n\t\t\t\t\t\t<h5 itemprop=\"name\" class=\"qodef-e-product-title qodef-e-title entry-title\">\n\t<a itemprop=\"url\" class=\"qodef-e-product-title-link\" href=\"https:\/\/terraclass.md\/en\/produs\/1992-claas-commandor-115-cs-combine-harvester\/\">\n\t\t1992 Claas Commandor 115 CS combine harvester\t<\/a>\n<\/h5>\n\t\t\t<div class=\"qodef-e-swap-holder\">\n\t\t\t\t\t\t\t\t<div class=\"qodef-e-to-swap\">\n\t\t\t\t\t<a class=\"qodef-shortcode qodef-m button product_type_simple qodef-qi-button qodef-html--link qodef-layout--filled qodef-type--standard qodef-icon--right qodef-hover--icon-move-horizontal-short\" href=\"https:\/\/terraclass.md\/en\/produs\/1992-claas-commandor-115-cs-combine-harvester\/\" target=\"_self\" data-product_id=\"11238\"  aria-label=\"Read more about \u201c1992 Claas Commandor 115 CS combine harvester\u201d\" rel=\"nofollow\" data-quantity=\"1\">\t<span class=\"qodef-m-text\">Read more<\/span>\t<\/a>\t\t\t\t<\/div>\n\t\t\t<\/div>\n\t\t\t\t\t\t\t\t<\/div>\n\t\t<a href=\"https:\/\/terraclass.md\/en\/produs\/1992-claas-commandor-115-cs-combine-harvester\/\" class=\"woocommerce-LoopProduct-link woocommerce-loop-product__link\"><\/a>\t<\/div>\n<\/div>\n<div class=\"qodef-e qodef-grid-item product type-product post-11166 status-publish last instock product_cat-combine has-post-thumbnail shipping-taxable product-type-simple\">\n\t<div class=\"qodef-e-product-inner\">\n\t\t\t\t\t<div class=\"qodef-e-product-image\">\n\t\t\t\t\t\t\t\t<div class=\"qodef-e-product-image-holder\">\n\t\t\t\t\t<a itemprop=\"url\" href=\"https:\/\/terraclass.md\/en\/produs\/2015-claas-tucano-320-combine\/\">\n\t\t\t\t\t\t<img loading=\"lazy\" decoding=\"async\" width=\"150\" height=\"150\" src=\"https:\/\/terraclass.md\/wp-content\/uploads\/2025\/05\/83204022_2_x-150x150.jpg\" class=\"attachment-thumbnail size-thumbnail\" alt=\"\" srcset=\"https:\/\/terraclass.md\/wp-content\/uploads\/2025\/05\/83204022_2_x-150x150.jpg 150w, https:\/\/terraclass.md\/wp-content\/uploads\/2025\/05\/83204022_2_x-300x300.jpg 300w, https:\/\/terraclass.md\/wp-content\/uploads\/2025\/05\/83204022_2_x-100x100.jpg 100w\" sizes=\"(max-width: 150px) 100vw, 150px\" \/>\t\t\t\t\t<\/a>\n\t\t\t\t<\/div>\n\t\t\t<\/div>\n\t\t\t\t<div class=\"qodef-e-product-content\">\n\t\t\t\t\t\t<h5 itemprop=\"name\" class=\"qodef-e-product-title qodef-e-title entry-title\">\n\t<a itemprop=\"url\" class=\"qodef-e-product-title-link\" href=\"https:\/\/terraclass.md\/en\/produs\/2015-claas-tucano-320-combine\/\">\n\t\t2015 Claas Tucano 320 Harverster combine\t<\/a>\n<\/h5>\n\t\t\t<div class=\"qodef-e-swap-holder\">\n\t\t\t\t\t\t\t\t<div class=\"qodef-e-to-swap\">\n\t\t\t\t\t<a class=\"qodef-shortcode qodef-m button product_type_simple qodef-qi-button qodef-html--link qodef-layout--filled qodef-type--standard qodef-icon--right qodef-hover--icon-move-horizontal-short\" href=\"https:\/\/terraclass.md\/en\/produs\/2015-claas-tucano-320-combine\/\" target=\"_self\" data-product_id=\"11166\"  aria-label=\"Read more about \u201c2015 Claas Tucano 320 Harverster combine\u201d\" rel=\"nofollow\" data-quantity=\"1\">\t<span class=\"qodef-m-text\">Read more<\/span>\t<\/a>\t\t\t\t<\/div>\n\t\t\t<\/div>\n\t\t\t\t\t\t\t\t<\/div>\n\t\t<a href=\"https:\/\/terraclass.md\/en\/produs\/2015-claas-tucano-320-combine\/\" class=\"woocommerce-LoopProduct-link woocommerce-loop-product__link\"><\/a>\t<\/div>\n<\/div>\n<div class=\"qodef-e qodef-grid-item product type-product post-11047 status-publish first instock product_cat-telescopic-loader has-post-thumbnail shipping-taxable product-type-simple\">\n\t<div class=\"qodef-e-product-inner\">\n\t\t\t\t\t<div class=\"qodef-e-product-image\">\n\t\t\t\t\t\t\t\t<div class=\"qodef-e-product-image-holder\">\n\t\t\t\t\t<a itemprop=\"url\" href=\"https:\/\/terraclass.md\/en\/produs\/claas-scorpion-756-vp-telescopic-loader\/\">\n\t\t\t\t\t\t<img loading=\"lazy\" decoding=\"async\" width=\"150\" height=\"150\" src=\"https:\/\/terraclass.md\/wp-content\/uploads\/2025\/05\/5f22d3e1-e79c-4cd6-b437-db2d8daeccfb-150x150.jpg\" class=\"attachment-thumbnail size-thumbnail\" alt=\"\" srcset=\"https:\/\/terraclass.md\/wp-content\/uploads\/2025\/05\/5f22d3e1-e79c-4cd6-b437-db2d8daeccfb-150x150.jpg 150w, https:\/\/terraclass.md\/wp-content\/uploads\/2025\/05\/5f22d3e1-e79c-4cd6-b437-db2d8daeccfb-300x300.jpg 300w, https:\/\/terraclass.md\/wp-content\/uploads\/2025\/05\/5f22d3e1-e79c-4cd6-b437-db2d8daeccfb-100x100.jpg 100w\" sizes=\"(max-width: 150px) 100vw, 150px\" \/>\t\t\t\t\t<\/a>\n\t\t\t\t<\/div>\n\t\t\t<\/div>\n\t\t\t\t<div class=\"qodef-e-product-content\">\n\t\t\t\t\t\t<h5 itemprop=\"name\" class=\"qodef-e-product-title qodef-e-title entry-title\">\n\t<a itemprop=\"url\" class=\"qodef-e-product-title-link\" href=\"https:\/\/terraclass.md\/en\/produs\/claas-scorpion-756-vp-telescopic-loader\/\">\n\t\tClaas Scorpion 756 VP telescopic loader\t<\/a>\n<\/h5>\n\t\t\t<div class=\"qodef-e-swap-holder\">\n\t\t\t\t\t\t\t\t<div class=\"qodef-e-to-swap\">\n\t\t\t\t\t<a class=\"qodef-shortcode qodef-m button product_type_simple qodef-qi-button qodef-html--link qodef-layout--filled qodef-type--standard qodef-icon--right qodef-hover--icon-move-horizontal-short\" href=\"https:\/\/terraclass.md\/en\/produs\/claas-scorpion-756-vp-telescopic-loader\/\" target=\"_self\" data-product_id=\"11047\"  aria-label=\"Read more about \u201cClaas Scorpion 756 VP telescopic loader\u201d\" rel=\"nofollow\" data-quantity=\"1\">\t<span class=\"qodef-m-text\">Read more<\/span>\t<\/a>\t\t\t\t<\/div>\n\t\t\t<\/div>\n\t\t\t\t\t\t\t\t<\/div>\n\t\t<a href=\"https:\/\/terraclass.md\/en\/produs\/claas-scorpion-756-vp-telescopic-loader\/\" class=\"woocommerce-LoopProduct-link woocommerce-loop-product__link\"><\/a>\t<\/div>\n<\/div>\n<div class=\"qodef-e qodef-grid-item product type-product post-11049 status-publish instock product_cat-tractor-en has-post-thumbnail shipping-taxable product-type-simple\">\n\t<div class=\"qodef-e-product-inner\">\n\t\t\t\t\t<div class=\"qodef-e-product-image\">\n\t\t\t\t\t\t\t\t<div class=\"qodef-e-product-image-holder\">\n\t\t\t\t\t<a itemprop=\"url\" href=\"https:\/\/terraclass.md\/en\/produs\/claas-arion-630-hexa-stage-v-tractor\/\">\n\t\t\t\t\t\t<img loading=\"lazy\" decoding=\"async\" width=\"150\" height=\"150\" src=\"https:\/\/terraclass.md\/wp-content\/uploads\/2025\/05\/0c85f840-bea9-4571-b0f1-9979d3338d6c-150x150.jpg\" class=\"attachment-thumbnail size-thumbnail\" alt=\"\" srcset=\"https:\/\/terraclass.md\/wp-content\/uploads\/2025\/05\/0c85f840-bea9-4571-b0f1-9979d3338d6c-150x150.jpg 150w, https:\/\/terraclass.md\/wp-content\/uploads\/2025\/05\/0c85f840-bea9-4571-b0f1-9979d3338d6c-300x300.jpg 300w, https:\/\/terraclass.md\/wp-content\/uploads\/2025\/05\/0c85f840-bea9-4571-b0f1-9979d3338d6c-100x100.jpg 100w\" sizes=\"(max-width: 150px) 100vw, 150px\" \/>\t\t\t\t\t<\/a>\n\t\t\t\t<\/div>\n\t\t\t<\/div>\n\t\t\t\t<div class=\"qodef-e-product-content\">\n\t\t\t\t\t\t<h5 itemprop=\"name\" class=\"qodef-e-product-title qodef-e-title entry-title\">\n\t<a itemprop=\"url\" class=\"qodef-e-product-title-link\" href=\"https:\/\/terraclass.md\/en\/produs\/claas-arion-630-hexa-stage-v-tractor\/\">\n\t\tClaas Arion 630 Hexa Stage V tractor\t<\/a>\n<\/h5>\n\t\t\t<div class=\"qodef-e-swap-holder\">\n\t\t\t\t\t\t\t\t<div class=\"qodef-e-to-swap\">\n\t\t\t\t\t<a class=\"qodef-shortcode qodef-m button product_type_simple qodef-qi-button qodef-html--link qodef-layout--filled qodef-type--standard qodef-icon--right qodef-hover--icon-move-horizontal-short\" href=\"https:\/\/terraclass.md\/en\/produs\/claas-arion-630-hexa-stage-v-tractor\/\" target=\"_self\" data-product_id=\"11049\"  aria-label=\"Read more about \u201cClaas Arion 630 Hexa Stage V tractor\u201d\" rel=\"nofollow\" data-quantity=\"1\">\t<span class=\"qodef-m-text\">Read more<\/span>\t<\/a>\t\t\t\t<\/div>\n\t\t\t<\/div>\n\t\t\t\t\t\t\t\t<\/div>\n\t\t<a href=\"https:\/\/terraclass.md\/en\/produs\/claas-arion-630-hexa-stage-v-tractor\/\" class=\"woocommerce-LoopProduct-link woocommerce-loop-product__link\"><\/a>\t<\/div>\n<\/div>\n<div class=\"qodef-e qodef-grid-item product type-product post-11051 status-publish instock product_cat-tractor-en has-post-thumbnail shipping-taxable product-type-simple\">\n\t<div class=\"qodef-e-product-inner\">\n\t\t\t\t\t<div class=\"qodef-e-product-image\">\n\t\t\t\t\t\t\t\t<div class=\"qodef-e-product-image-holder\">\n\t\t\t\t\t<a itemprop=\"url\" href=\"https:\/\/terraclass.md\/en\/produs\/new-tractor-claas-xerion-5000-trac\/\">\n\t\t\t\t\t\t<img loading=\"lazy\" decoding=\"async\" width=\"150\" height=\"150\" src=\"https:\/\/terraclass.md\/wp-content\/uploads\/2025\/05\/0eb3052c-0359-4999-946e-4e58f50ad7d0-150x150.jpg\" class=\"attachment-thumbnail size-thumbnail\" alt=\"\" srcset=\"https:\/\/terraclass.md\/wp-content\/uploads\/2025\/05\/0eb3052c-0359-4999-946e-4e58f50ad7d0-150x150.jpg 150w, https:\/\/terraclass.md\/wp-content\/uploads\/2025\/05\/0eb3052c-0359-4999-946e-4e58f50ad7d0-650x650.jpg 650w, https:\/\/terraclass.md\/wp-content\/uploads\/2025\/05\/0eb3052c-0359-4999-946e-4e58f50ad7d0-300x300.jpg 300w, https:\/\/terraclass.md\/wp-content\/uploads\/2025\/05\/0eb3052c-0359-4999-946e-4e58f50ad7d0-100x100.jpg 100w\" sizes=\"(max-width: 150px) 100vw, 150px\" \/>\t\t\t\t\t<\/a>\n\t\t\t\t<\/div>\n\t\t\t<\/div>\n\t\t\t\t<div class=\"qodef-e-product-content\">\n\t\t\t\t\t\t<h5 itemprop=\"name\" class=\"qodef-e-product-title qodef-e-title entry-title\">\n\t<a itemprop=\"url\" class=\"qodef-e-product-title-link\" href=\"https:\/\/terraclass.md\/en\/produs\/new-tractor-claas-xerion-5000-trac\/\">\n\t\tNew tractor Claas Xerion 5000 Trac\t<\/a>\n<\/h5>\n\t\t\t<div class=\"qodef-e-swap-holder\">\n\t\t\t\t\t\t\t\t<div class=\"qodef-e-to-swap\">\n\t\t\t\t\t<a class=\"qodef-shortcode qodef-m button product_type_simple qodef-qi-button qodef-html--link qodef-layout--filled qodef-type--standard qodef-icon--right qodef-hover--icon-move-horizontal-short\" href=\"https:\/\/terraclass.md\/en\/produs\/new-tractor-claas-xerion-5000-trac\/\" target=\"_self\" data-product_id=\"11051\"  aria-label=\"Read more about \u201cNew tractor Claas Xerion 5000 Trac\u201d\" rel=\"nofollow\" data-quantity=\"1\">\t<span class=\"qodef-m-text\">Read more<\/span>\t<\/a>\t\t\t\t<\/div>\n\t\t\t<\/div>\n\t\t\t\t\t\t\t\t<\/div>\n\t\t<a href=\"https:\/\/terraclass.md\/en\/produs\/new-tractor-claas-xerion-5000-trac\/\" class=\"woocommerce-LoopProduct-link woocommerce-loop-product__link\"><\/a>\t<\/div>\n<\/div>\n<div class=\"qodef-e qodef-grid-item product type-product post-11059 status-publish last instock product_cat-combine has-post-thumbnail shipping-taxable product-type-simple\">\n\t<div class=\"qodef-e-product-inner\">\n\t\t\t\t\t<div class=\"qodef-e-product-image\">\n\t\t\t\t\t\t\t\t<div class=\"qodef-e-product-image-holder\">\n\t\t\t\t\t<a itemprop=\"url\" href=\"https:\/\/terraclass.md\/en\/produs\/2017-new-holland-cx6080-combine\/\">\n\t\t\t\t\t\t<img loading=\"lazy\" decoding=\"async\" width=\"150\" height=\"150\" src=\"https:\/\/terraclass.md\/wp-content\/uploads\/2025\/05\/a2288b78-223f-4bbc-91de-4a0cfe05ff18-150x150.jpg\" class=\"attachment-thumbnail size-thumbnail\" alt=\"\" srcset=\"https:\/\/terraclass.md\/wp-content\/uploads\/2025\/05\/a2288b78-223f-4bbc-91de-4a0cfe05ff18-150x150.jpg 150w, https:\/\/terraclass.md\/wp-content\/uploads\/2025\/05\/a2288b78-223f-4bbc-91de-4a0cfe05ff18-300x300.jpg 300w, https:\/\/terraclass.md\/wp-content\/uploads\/2025\/05\/a2288b78-223f-4bbc-91de-4a0cfe05ff18-100x100.jpg 100w\" sizes=\"(max-width: 150px) 100vw, 150px\" \/>\t\t\t\t\t<\/a>\n\t\t\t\t<\/div>\n\t\t\t<\/div>\n\t\t\t\t<div class=\"qodef-e-product-content\">\n\t\t\t\t\t\t<h5 itemprop=\"name\" class=\"qodef-e-product-title qodef-e-title entry-title\">\n\t<a itemprop=\"url\" class=\"qodef-e-product-title-link\" href=\"https:\/\/terraclass.md\/en\/produs\/2017-new-holland-cx6080-combine\/\">\n\t\t2017 New Holland CX6080 combine\t<\/a>\n<\/h5>\n\t\t\t<div class=\"qodef-e-swap-holder\">\n\t\t\t\t\t\t\t\t<div class=\"qodef-e-to-swap\">\n\t\t\t\t\t<a class=\"qodef-shortcode qodef-m button product_type_simple qodef-qi-button qodef-html--link qodef-layout--filled qodef-type--standard qodef-icon--right qodef-hover--icon-move-horizontal-short\" href=\"https:\/\/terraclass.md\/en\/produs\/2017-new-holland-cx6080-combine\/\" target=\"_self\" data-product_id=\"11059\"  aria-label=\"Read more about \u201c2017 New Holland CX6080 combine\u201d\" rel=\"nofollow\" data-quantity=\"1\">\t<span class=\"qodef-m-text\">Read more<\/span>\t<\/a>\t\t\t\t<\/div>\n\t\t\t<\/div>\n\t\t\t\t\t\t\t\t<\/div>\n\t\t<a href=\"https:\/\/terraclass.md\/en\/produs\/2017-new-holland-cx6080-combine\/\" class=\"woocommerce-LoopProduct-link woocommerce-loop-product__link\"><\/a>\t<\/div>\n<\/div>\n<div class=\"qodef-e qodef-grid-item product type-product post-11060 status-publish first instock product_cat-combine has-post-thumbnail shipping-taxable product-type-simple\">\n\t<div class=\"qodef-e-product-inner\">\n\t\t\t\t\t<div class=\"qodef-e-product-image\">\n\t\t\t\t\t\t\t\t<div class=\"qodef-e-product-image-holder\">\n\t\t\t\t\t<a itemprop=\"url\" href=\"https:\/\/terraclass.md\/en\/produs\/claas-lexion-670-4x4-montana-combine\/\">\n\t\t\t\t\t\t<img loading=\"lazy\" decoding=\"async\" width=\"150\" height=\"150\" src=\"https:\/\/terraclass.md\/wp-content\/uploads\/2025\/05\/e8fc047b-a700-4944-88c4-4d4aaba1d794-150x150.jpg\" class=\"attachment-thumbnail size-thumbnail\" alt=\"\" srcset=\"https:\/\/terraclass.md\/wp-content\/uploads\/2025\/05\/e8fc047b-a700-4944-88c4-4d4aaba1d794-150x150.jpg 150w, https:\/\/terraclass.md\/wp-content\/uploads\/2025\/05\/e8fc047b-a700-4944-88c4-4d4aaba1d794-650x650.jpg 650w, https:\/\/terraclass.md\/wp-content\/uploads\/2025\/05\/e8fc047b-a700-4944-88c4-4d4aaba1d794-300x300.jpg 300w, https:\/\/terraclass.md\/wp-content\/uploads\/2025\/05\/e8fc047b-a700-4944-88c4-4d4aaba1d794-100x100.jpg 100w\" sizes=\"(max-width: 150px) 100vw, 150px\" \/>\t\t\t\t\t<\/a>\n\t\t\t\t<\/div>\n\t\t\t<\/div>\n\t\t\t\t<div class=\"qodef-e-product-content\">\n\t\t\t\t\t\t<h5 itemprop=\"name\" class=\"qodef-e-product-title qodef-e-title entry-title\">\n\t<a itemprop=\"url\" class=\"qodef-e-product-title-link\" href=\"https:\/\/terraclass.md\/en\/produs\/claas-lexion-670-4x4-montana-combine\/\">\n\t\tClaas Lexion 670 4X4 Montana combine\t<\/a>\n<\/h5>\n\t\t\t<div class=\"qodef-e-swap-holder\">\n\t\t\t\t\t\t\t\t<div class=\"qodef-e-to-swap\">\n\t\t\t\t\t<a class=\"qodef-shortcode qodef-m button product_type_simple qodef-qi-button qodef-html--link qodef-layout--filled qodef-type--standard qodef-icon--right qodef-hover--icon-move-horizontal-short\" href=\"https:\/\/terraclass.md\/en\/produs\/claas-lexion-670-4x4-montana-combine\/\" target=\"_self\" data-product_id=\"11060\"  aria-label=\"Read more about \u201cClaas Lexion 670 4X4 Montana combine\u201d\" rel=\"nofollow\" data-quantity=\"1\">\t<span class=\"qodef-m-text\">Read more<\/span>\t<\/a>\t\t\t\t<\/div>\n\t\t\t<\/div>\n\t\t\t\t\t\t\t\t<\/div>\n\t\t<a href=\"https:\/\/terraclass.md\/en\/produs\/claas-lexion-670-4x4-montana-combine\/\" class=\"woocommerce-LoopProduct-link woocommerce-loop-product__link\"><\/a>\t<\/div>\n<\/div>\n\t<\/div>\n\t<\/div>\n\t\t\t\t<\/div>\n\t\t\t\t<\/div>\n\t\t\t\t<\/div>\n\t\t\t\t\t<\/div>\n\t\t\t\t<\/div>\n\t\t\t\t<\/div>\n\t\t","protected":false},"excerpt":{"rendered":"<p>Terra Class agricultural machinery offers Choose from a wide range of high-performance agricultural machinery available at competitive prices. Combin\u0103 Claas Tucano 320 din 2015 Cite\u0219te mai mult \u00cenc\u0103rc\u0103tor telescopic Claas Scorpion 756 VP Cite\u0219te mai mult Tractor Claas Arion 630 Hexa Stage V Cite\u0219te mai mult Tractor nou Claas Xerion 5000 Trac Cite\u0219te mai mult [&hellip;]<\/p>\n","protected":false},"author":1,"featured_media":0,"parent":0,"menu_order":0,"comment_status":"closed","ping_status":"closed","template":"","meta":{"footnotes":""},"class_list":["post-11029","page","type-page","status-publish","hentry"],"_links":{"self":[{"href":"https:\/\/terraclass.md\/en\/wp-json\/wp\/v2\/pages\/11029","targetHints":{"allow":["GET"]}}],"collection":[{"href":"https:\/\/terraclass.md\/en\/wp-json\/wp\/v2\/pages"}],"about":[{"href":"https:\/\/terraclass.md\/en\/wp-json\/wp\/v2\/types\/page"}],"author":[{"embeddable":true,"href":"https:\/\/terraclass.md\/en\/wp-json\/wp\/v2\/users\/1"}],"replies":[{"embeddable":true,"href":"https:\/\/terraclass.md\/en\/wp-json\/wp\/v2\/comments?post=11029"}],"version-history":[{"count":3,"href":"https:\/\/terraclass.md\/en\/wp-json\/wp\/v2\/pages\/11029\/revisions"}],"predecessor-version":[{"id":11164,"href":"https:\/\/terraclass.md\/en\/wp-json\/wp\/v2\/pages\/11029\/revisions\/11164"}],"wp:attachment":[{"href":"https:\/\/terraclass.md\/en\/wp-json\/wp\/v2\/media?parent=11029"}],"curies":[{"name":"wp","href":"https:\/\/api.w.org\/{rel}","templated":true}]}}